{"id":12,"date":"2025-10-08T16:02:02","date_gmt":"2025-10-08T16:02:02","guid":{"rendered":"https:\/\/mercasantoangel.rkinformatika.online\/?page_id=12"},"modified":"2025-10-09T12:50:57","modified_gmt":"2025-10-09T12:50:57","slug":"inicio","status":"publish","type":"page","link":"https:\/\/mercasantoangel.com\/en\/","title":{"rendered":"Home"},"content":{"rendered":"<div data-elementor-type=\"wp-page\" data-elementor-id=\"12\" class=\"elementor elementor-12\" data-elementor-post-type=\"page\">\n\t\t\t\t<div class=\"elementor-element elementor-element-091769b e-con-full e-flex e-con e-parent\" data-id=\"091769b\" data-element_type=\"container\" data-e-type=\"container\" data-settings=\"{&quot;background_background&quot;:&quot;classic&quot;}\">\n\t\t<div class=\"elementor-element elementor-element-0e43e8f e-con-full e-flex e-con e-child\" data-id=\"0e43e8f\" data-element_type=\"container\" data-e-type=\"container\">\n\t\t\t\t<div class=\"elementor-element elementor-element-25ef324 elementor-invisible elementor-widget elementor-widget-heading\" data-id=\"25ef324\" data-element_type=\"widget\" data-e-type=\"widget\" data-settings=\"{&quot;_animation&quot;:&quot;fadeInRight&quot;}\" data-widget_type=\"heading.default\">\n\t\t\t\t\t<h2 class=\"elementor-heading-title elementor-size-default\">Merca Santoangel<\/h2>\t\t\t\t<\/div>\n\t\t\t\t<\/div>\n\t\t\t\t<\/div>\n\t\t<div class=\"elementor-element elementor-element-aba2dfd e-flex e-con-boxed e-con e-parent\" data-id=\"aba2dfd\" data-element_type=\"container\" data-e-type=\"container\" data-settings=\"{&quot;background_background&quot;:&quot;classic&quot;}\">\n\t\t\t\t\t<div class=\"e-con-inner\">\n\t\t<div class=\"elementor-element elementor-element-3adb52c e-con-full e-flex e-con e-child\" data-id=\"3adb52c\" data-element_type=\"container\" data-e-type=\"container\">\n\t\t\t\t<div class=\"elementor-element elementor-element-7249bb9 elementor-widget elementor-widget-image\" data-id=\"7249bb9\" data-element_type=\"widget\" data-e-type=\"widget\" data-widget_type=\"image.default\">\n\t\t\t\t\t\t\t\t\t\t\t\t\t\t\t<img fetchpriority=\"high\" decoding=\"async\" width=\"768\" height=\"1024\" src=\"https:\/\/mercasantoangel.com\/wp-content\/uploads\/2025\/10\/18799424-768x1024.jpg\" class=\"attachment-large size-large wp-image-109\" alt=\"\" srcset=\"https:\/\/mercasantoangel.com\/wp-content\/uploads\/2025\/10\/18799424-768x1024.jpg 768w, https:\/\/mercasantoangel.com\/wp-content\/uploads\/2025\/10\/18799424-225x300.jpg 225w, https:\/\/mercasantoangel.com\/wp-content\/uploads\/2025\/10\/18799424-9x12.jpg 9w, https:\/\/mercasantoangel.com\/wp-content\/uploads\/2025\/10\/18799424.jpg 1125w\" sizes=\"(max-width: 768px) 100vw, 768px\" \/>\t\t\t\t\t\t\t\t\t\t\t\t\t\t\t<\/div>\n\t\t\t\t<\/div>\n\t\t<div class=\"elementor-element elementor-element-e40ff55 e-con-full e-flex e-con e-child\" data-id=\"e40ff55\" data-element_type=\"container\" data-e-type=\"container\">\n\t\t\t\t<div class=\"elementor-element elementor-element-7abe8fd elementor-widget elementor-widget-heading\" data-id=\"7abe8fd\" data-element_type=\"widget\" data-e-type=\"widget\" data-widget_type=\"heading.default\">\n\t\t\t\t\t<h2 class=\"elementor-heading-title elementor-size-default\">About us<\/h2>\t\t\t\t<\/div>\n\t\t\t\t<div class=\"elementor-element elementor-element-70ee67d elementor-widget elementor-widget-text-editor\" data-id=\"70ee67d\" data-element_type=\"widget\" data-e-type=\"widget\" data-widget_type=\"text-editor.default\">\n\t\t\t\t\t\t\t\t\t<p data-start=\"139\" data-end=\"457\">At Merca Santoangel, we believe every customer deserves quality, variety, and personalized attention. With years of experience in retail, we are dedicated to offering products that meet everyday needs, always with a firm commitment to customer satisfaction and trust.<\/p><p data-start=\"459\" data-end=\"656\">Our goal is to be much more than a point of sale: we want to be a trusted reference for variety and good service, providing a practical, pleasant, and safe shopping experience.<\/p>\t\t\t\t\t\t\t\t<\/div>\n\t\t\t\t<\/div>\n\t\t\t\t\t<\/div>\n\t\t\t\t<\/div>\n\t\t<div class=\"elementor-element elementor-element-2f14269 e-con-full e-flex e-con e-parent\" data-id=\"2f14269\" data-element_type=\"container\" data-e-type=\"container\" data-settings=\"{&quot;background_background&quot;:&quot;classic&quot;}\">\n\t\t\t\t<div class=\"elementor-element elementor-element-3ff6285 elementor-cta--skin-cover elementor-animated-content elementor-bg-transform elementor-bg-transform-zoom-in elementor-widget elementor-widget-call-to-action\" data-id=\"3ff6285\" data-element_type=\"widget\" data-e-type=\"widget\" data-widget_type=\"call-to-action.default\">\n\t\t\t\t\t\t\t<div class=\"elementor-cta\">\n\t\t\t\t\t<div class=\"elementor-cta__bg-wrapper\">\n\t\t\t\t<div class=\"elementor-cta__bg elementor-bg\" style=\"background-image: url(https:\/\/mercasantoangel.com\/wp-content\/uploads\/2025\/10\/128356-1024x683.jpg);\" role=\"img\" aria-label=\"128356\"><\/div>\n\t\t\t\t<div class=\"elementor-cta__bg-overlay\"><\/div>\n\t\t\t<\/div>\n\t\t\t\t\t\t\t<div class=\"elementor-cta__content\">\n\t\t\t\t\n\t\t\t\t\t\t\t\t\t<h2 class=\"elementor-cta__title elementor-cta__content-item elementor-content-item elementor-animated-item--grow\">\n\t\t\t\t\t\tVariety and quality\t\t\t\t\t<\/h2>\n\t\t\t\t\n\t\t\t\t\t\t\t\t\t<div class=\"elementor-cta__description elementor-cta__content-item elementor-content-item elementor-animated-item--grow\">\n\t\t\t\t\t\tDiscover our variety of products and make your daily life easier.\t\t\t\t\t<\/div>\n\t\t\t\t\n\t\t\t\t\t\t\t\t\t<div class=\"elementor-cta__button-wrapper elementor-cta__content-item elementor-content-item elementor-animated-item--grow\">\n\t\t\t\t\t<a class=\"elementor-cta__button elementor-button elementor-size-\" href=\"https:\/\/mercasantoangel.com\/en\/productos\/\">\n\t\t\t\t\t\tProducts\t\t\t\t\t<\/a>\n\t\t\t\t\t<\/div>\n\t\t\t\t\t\t\t<\/div>\n\t\t\t\t\t\t<\/div>\n\t\t\t\t\t\t<\/div>\n\t\t\t\t<\/div>\n\t\t\t\t<\/div>","protected":false},"excerpt":{"rendered":"<p>Merca Santoangel Sobre nosotros En Merca Santoangel, creemos que cada cliente merece calidad, variedad y atenci\u00f3n personalizada. Con a\u00f1os de experiencia en el comercio minorista, nos dedicamos a ofrecer productos que satisfacen las necesidades del d\u00eda a d\u00eda, siempre con un firme compromiso con la satisfacci\u00f3n y confianza de nuestros clientes. Nuestro objetivo es ser [&hellip;]<\/p>\n","protected":false},"author":1,"featured_media":0,"parent":0,"menu_order":0,"comment_status":"closed","ping_status":"closed","template":"elementor_canvas","meta":{"footnotes":""},"class_list":["post-12","page","type-page","status-publish","hentry"],"yoast_head":"<!-- This site is optimized with the Yoast SEO plugin v27.5 - https:\/\/yoast.com\/product\/yoast-seo-wordpress\/ -->\n<title>Inicio - Merca Santoangel<\/title>\n<meta name=\"robots\" content=\"index, follow, max-snippet:-1, max-image-preview:large, max-video-preview:-1\" \/>\n<link rel=\"canonical\" href=\"https:\/\/mercasantoangel.com\/en\/\" \/>\n<meta property=\"og:locale\" content=\"en_GB\" \/>\n<meta property=\"og:type\" content=\"article\" \/>\n<meta property=\"og:title\" content=\"Inicio - Merca Santoangel\" \/>\n<meta property=\"og:description\" content=\"Merca Santoangel Sobre nosotros En Merca Santoangel, creemos que cada cliente merece calidad, variedad y atenci\u00f3n personalizada. Con a\u00f1os de experiencia en el comercio minorista, nos dedicamos a ofrecer productos que satisfacen las necesidades del d\u00eda a d\u00eda, siempre con un firme compromiso con la satisfacci\u00f3n y confianza de nuestros clientes. Nuestro objetivo es ser [&hellip;]\" \/>\n<meta property=\"og:url\" content=\"https:\/\/mercasantoangel.com\/en\/\" \/>\n<meta property=\"og:site_name\" content=\"Merca Santoangel\" \/>\n<meta property=\"article:modified_time\" content=\"2025-10-09T12:50:57+00:00\" \/>\n<meta property=\"og:image\" content=\"https:\/\/mercasantoangel.com\/wp-content\/uploads\/2025\/10\/18799424-768x1024.jpg\" \/>\n<meta name=\"twitter:card\" content=\"summary_large_image\" \/>\n<meta name=\"twitter:label1\" content=\"Estimated reading time\" \/>\n\t<meta name=\"twitter:data1\" content=\"1 minute\" \/>\n<script type=\"application\/ld+json\" class=\"yoast-schema-graph\">{\"@context\":\"https:\\\/\\\/schema.org\",\"@graph\":[{\"@type\":\"WebPage\",\"@id\":\"https:\\\/\\\/mercasantoangel.com\\\/\",\"url\":\"https:\\\/\\\/mercasantoangel.com\\\/\",\"name\":\"Inicio - Merca Santoangel\",\"isPartOf\":{\"@id\":\"https:\\\/\\\/mercasantoangel.com\\\/#website\"},\"primaryImageOfPage\":{\"@id\":\"https:\\\/\\\/mercasantoangel.com\\\/#primaryimage\"},\"image\":{\"@id\":\"https:\\\/\\\/mercasantoangel.com\\\/#primaryimage\"},\"thumbnailUrl\":\"https:\\\/\\\/mercasantoangel.com\\\/wp-content\\\/uploads\\\/2025\\\/10\\\/18799424-768x1024.jpg\",\"datePublished\":\"2025-10-08T16:02:02+00:00\",\"dateModified\":\"2025-10-09T12:50:57+00:00\",\"breadcrumb\":{\"@id\":\"https:\\\/\\\/mercasantoangel.com\\\/#breadcrumb\"},\"inLanguage\":\"en-GB\",\"potentialAction\":[{\"@type\":\"ReadAction\",\"target\":[\"https:\\\/\\\/mercasantoangel.com\\\/\"]}]},{\"@type\":\"ImageObject\",\"inLanguage\":\"en-GB\",\"@id\":\"https:\\\/\\\/mercasantoangel.com\\\/#primaryimage\",\"url\":\"https:\\\/\\\/mercasantoangel.com\\\/wp-content\\\/uploads\\\/2025\\\/10\\\/18799424-768x1024.jpg\",\"contentUrl\":\"https:\\\/\\\/mercasantoangel.com\\\/wp-content\\\/uploads\\\/2025\\\/10\\\/18799424-768x1024.jpg\"},{\"@type\":\"BreadcrumbList\",\"@id\":\"https:\\\/\\\/mercasantoangel.com\\\/#breadcrumb\",\"itemListElement\":[{\"@type\":\"ListItem\",\"position\":1,\"name\":\"Portada\",\"item\":\"https:\\\/\\\/mercasantoangel.com\\\/\"},{\"@type\":\"ListItem\",\"position\":2,\"name\":\"Inicio\"}]},{\"@type\":\"WebSite\",\"@id\":\"https:\\\/\\\/mercasantoangel.com\\\/#website\",\"url\":\"https:\\\/\\\/mercasantoangel.com\\\/\",\"name\":\"Merca Santoangel\",\"description\":\"Mercado\",\"publisher\":{\"@id\":\"https:\\\/\\\/mercasantoangel.com\\\/#organization\"},\"potentialAction\":[{\"@type\":\"SearchAction\",\"target\":{\"@type\":\"EntryPoint\",\"urlTemplate\":\"https:\\\/\\\/mercasantoangel.com\\\/?s={search_term_string}\"},\"query-input\":{\"@type\":\"PropertyValueSpecification\",\"valueRequired\":true,\"valueName\":\"search_term_string\"}}],\"inLanguage\":\"en-GB\"},{\"@type\":\"Organization\",\"@id\":\"https:\\\/\\\/mercasantoangel.com\\\/#organization\",\"name\":\"Merca Santoangel\",\"url\":\"https:\\\/\\\/mercasantoangel.com\\\/\",\"logo\":{\"@type\":\"ImageObject\",\"inLanguage\":\"en-GB\",\"@id\":\"https:\\\/\\\/mercasantoangel.com\\\/#\\\/schema\\\/logo\\\/image\\\/\",\"url\":\"https:\\\/\\\/mercasantoangel.com\\\/wp-content\\\/uploads\\\/2025\\\/10\\\/cropped-mercasantoangel202509_logo_web.png\",\"contentUrl\":\"https:\\\/\\\/mercasantoangel.com\\\/wp-content\\\/uploads\\\/2025\\\/10\\\/cropped-mercasantoangel202509_logo_web.png\",\"width\":1080,\"height\":390,\"caption\":\"Merca Santoangel\"},\"image\":{\"@id\":\"https:\\\/\\\/mercasantoangel.com\\\/#\\\/schema\\\/logo\\\/image\\\/\"}}]}<\/script>\n<!-- \/ Yoast SEO plugin. -->","yoast_head_json":{"title":"Inicio - Merca Santoangel","robots":{"index":"index","follow":"follow","max-snippet":"max-snippet:-1","max-image-preview":"max-image-preview:large","max-video-preview":"max-video-preview:-1"},"canonical":"https:\/\/mercasantoangel.com\/en\/","og_locale":"en_GB","og_type":"article","og_title":"Inicio - Merca Santoangel","og_description":"Merca Santoangel Sobre nosotros En Merca Santoangel, creemos que cada cliente merece calidad, variedad y atenci\u00f3n personalizada. Con a\u00f1os de experiencia en el comercio minorista, nos dedicamos a ofrecer productos que satisfacen las necesidades del d\u00eda a d\u00eda, siempre con un firme compromiso con la satisfacci\u00f3n y confianza de nuestros clientes. Nuestro objetivo es ser [&hellip;]","og_url":"https:\/\/mercasantoangel.com\/en\/","og_site_name":"Merca Santoangel","article_modified_time":"2025-10-09T12:50:57+00:00","og_image":[{"url":"https:\/\/mercasantoangel.com\/wp-content\/uploads\/2025\/10\/18799424-768x1024.jpg","type":"","width":"","height":""}],"twitter_card":"summary_large_image","twitter_misc":{"Estimated reading time":"1 minute"},"schema":{"@context":"https:\/\/schema.org","@graph":[{"@type":"WebPage","@id":"https:\/\/mercasantoangel.com\/","url":"https:\/\/mercasantoangel.com\/","name":"Inicio - Merca Santoangel","isPartOf":{"@id":"https:\/\/mercasantoangel.com\/#website"},"primaryImageOfPage":{"@id":"https:\/\/mercasantoangel.com\/#primaryimage"},"image":{"@id":"https:\/\/mercasantoangel.com\/#primaryimage"},"thumbnailUrl":"https:\/\/mercasantoangel.com\/wp-content\/uploads\/2025\/10\/18799424-768x1024.jpg","datePublished":"2025-10-08T16:02:02+00:00","dateModified":"2025-10-09T12:50:57+00:00","breadcrumb":{"@id":"https:\/\/mercasantoangel.com\/#breadcrumb"},"inLanguage":"en-GB","potentialAction":[{"@type":"ReadAction","target":["https:\/\/mercasantoangel.com\/"]}]},{"@type":"ImageObject","inLanguage":"en-GB","@id":"https:\/\/mercasantoangel.com\/#primaryimage","url":"https:\/\/mercasantoangel.com\/wp-content\/uploads\/2025\/10\/18799424-768x1024.jpg","contentUrl":"https:\/\/mercasantoangel.com\/wp-content\/uploads\/2025\/10\/18799424-768x1024.jpg"},{"@type":"BreadcrumbList","@id":"https:\/\/mercasantoangel.com\/#breadcrumb","itemListElement":[{"@type":"ListItem","position":1,"name":"Portada","item":"https:\/\/mercasantoangel.com\/"},{"@type":"ListItem","position":2,"name":"Inicio"}]},{"@type":"WebSite","@id":"https:\/\/mercasantoangel.com\/#website","url":"https:\/\/mercasantoangel.com\/","name":"Merca Santoangel","description":"Mercado","publisher":{"@id":"https:\/\/mercasantoangel.com\/#organization"},"potentialAction":[{"@type":"SearchAction","target":{"@type":"EntryPoint","urlTemplate":"https:\/\/mercasantoangel.com\/?s={search_term_string}"},"query-input":{"@type":"PropertyValueSpecification","valueRequired":true,"valueName":"search_term_string"}}],"inLanguage":"en-GB"},{"@type":"Organization","@id":"https:\/\/mercasantoangel.com\/#organization","name":"Merca Santoangel","url":"https:\/\/mercasantoangel.com\/","logo":{"@type":"ImageObject","inLanguage":"en-GB","@id":"https:\/\/mercasantoangel.com\/#\/schema\/logo\/image\/","url":"https:\/\/mercasantoangel.com\/wp-content\/uploads\/2025\/10\/cropped-mercasantoangel202509_logo_web.png","contentUrl":"https:\/\/mercasantoangel.com\/wp-content\/uploads\/2025\/10\/cropped-mercasantoangel202509_logo_web.png","width":1080,"height":390,"caption":"Merca Santoangel"},"image":{"@id":"https:\/\/mercasantoangel.com\/#\/schema\/logo\/image\/"}}]}},"_links":{"self":[{"href":"https:\/\/mercasantoangel.com\/en\/wp-json\/wp\/v2\/pages\/12","targetHints":{"allow":["GET"]}}],"collection":[{"href":"https:\/\/mercasantoangel.com\/en\/wp-json\/wp\/v2\/pages"}],"about":[{"href":"https:\/\/mercasantoangel.com\/en\/wp-json\/wp\/v2\/types\/page"}],"author":[{"embeddable":true,"href":"https:\/\/mercasantoangel.com\/en\/wp-json\/wp\/v2\/users\/1"}],"replies":[{"embeddable":true,"href":"https:\/\/mercasantoangel.com\/en\/wp-json\/wp\/v2\/comments?post=12"}],"version-history":[{"count":37,"href":"https:\/\/mercasantoangel.com\/en\/wp-json\/wp\/v2\/pages\/12\/revisions"}],"predecessor-version":[{"id":189,"href":"https:\/\/mercasantoangel.com\/en\/wp-json\/wp\/v2\/pages\/12\/revisions\/189"}],"wp:attachment":[{"href":"https:\/\/mercasantoangel.com\/en\/wp-json\/wp\/v2\/media?parent=12"}],"curies":[{"name":"wp","href":"https:\/\/api.w.org\/{rel}","templated":true}]}}