{"id":15,"date":"2025-10-08T16:05:18","date_gmt":"2025-10-08T16:05:18","guid":{"rendered":"https:\/\/mercasantoangel.rkinformatika.online\/?page_id=15"},"modified":"2025-10-09T12:55:18","modified_gmt":"2025-10-09T12:55:18","slug":"productos","status":"publish","type":"page","link":"https:\/\/mercasantoangel.com\/en\/productos\/","title":{"rendered":"Products"},"content":{"rendered":"<div data-elementor-type=\"wp-page\" data-elementor-id=\"15\" class=\"elementor elementor-15\" data-elementor-post-type=\"page\">\n\t\t\t\t<div class=\"elementor-element elementor-element-538a493 e-con-full e-flex e-con e-parent\" data-id=\"538a493\" data-element_type=\"container\" data-e-type=\"container\" data-settings=\"{&quot;background_background&quot;:&quot;classic&quot;}\">\n\t\t<div class=\"elementor-element elementor-element-9d56677 e-con-full e-flex e-con e-child\" data-id=\"9d56677\" data-element_type=\"container\" data-e-type=\"container\">\n\t\t\t\t<div class=\"elementor-element elementor-element-6a0b3b8 elementor-invisible elementor-widget elementor-widget-heading\" data-id=\"6a0b3b8\" data-element_type=\"widget\" data-e-type=\"widget\" data-settings=\"{&quot;_animation&quot;:&quot;fadeInRight&quot;}\" data-widget_type=\"heading.default\">\n\t\t\t\t\t<h2 class=\"elementor-heading-title elementor-size-default\">PRODUCTOS<\/h2>\t\t\t\t<\/div>\n\t\t\t\t<\/div>\n\t\t\t\t<\/div>\n\t\t<div class=\"elementor-element elementor-element-fe7e0ca e-flex e-con-boxed e-con e-parent\" data-id=\"fe7e0ca\" data-element_type=\"container\" data-e-type=\"container\" data-settings=\"{&quot;background_background&quot;:&quot;classic&quot;}\">\n\t\t\t\t\t<div class=\"e-con-inner\">\n\t\t\t\t<div class=\"elementor-element elementor-element-eb6ee60 elementor-widget elementor-widget-heading\" data-id=\"eb6ee60\" data-element_type=\"widget\" data-e-type=\"widget\" data-widget_type=\"heading.default\">\n\t\t\t\t\t<h2 class=\"elementor-heading-title elementor-size-default\">Productos que facilitan la vida cotidiana.<\/h2>\t\t\t\t<\/div>\n\t\t\t\t\t<\/div>\n\t\t\t\t<\/div>\n\t\t<div class=\"elementor-element elementor-element-f46389e e-flex e-con-boxed e-con e-parent\" data-id=\"f46389e\" data-element_type=\"container\" data-e-type=\"container\">\n\t\t\t\t\t<div class=\"e-con-inner\">\n\t\t<div class=\"elementor-element elementor-element-a480979 e-con-full e-flex e-con e-child\" data-id=\"a480979\" data-element_type=\"container\" data-e-type=\"container\" data-settings=\"{&quot;background_background&quot;:&quot;classic&quot;}\">\n\t\t\t\t<div class=\"elementor-element elementor-element-1d1c6a9 elementor-widget elementor-widget-heading\" data-id=\"1d1c6a9\" data-element_type=\"widget\" data-e-type=\"widget\" data-widget_type=\"heading.default\">\n\t\t\t\t\t<h2 class=\"elementor-heading-title elementor-size-default\">Productos de uso diario<\/h2>\t\t\t\t<\/div>\n\t\t\t\t<div class=\"elementor-element elementor-element-6b34dba elementor-widget elementor-widget-text-editor\" data-id=\"6b34dba\" data-element_type=\"widget\" data-e-type=\"widget\" data-widget_type=\"text-editor.default\">\n\t\t\t\t\t\t\t\t\t<ul><li data-start=\"289\" data-end=\"328\"><p data-start=\"291\" data-end=\"328\">Art\u00edculos de limpieza para el hogar<\/p><\/li><li data-start=\"329\" data-end=\"362\"><p data-start=\"331\" data-end=\"362\">Utensilios de cocina y menaje<\/p><\/li><li data-start=\"363\" data-end=\"396\"><p data-start=\"365\" data-end=\"396\">Productos de higiene personal<\/p><\/li><\/ul>\t\t\t\t\t\t\t\t<\/div>\n\t\t\t\t<\/div>\n\t\t<div class=\"elementor-element elementor-element-bb853b9 e-con-full e-flex e-con e-child\" data-id=\"bb853b9\" data-element_type=\"container\" data-e-type=\"container\" data-settings=\"{&quot;background_background&quot;:&quot;classic&quot;}\">\n\t\t\t\t<div class=\"elementor-element elementor-element-ad4bb6f elementor-widget elementor-widget-heading\" data-id=\"ad4bb6f\" data-element_type=\"widget\" data-e-type=\"widget\" data-widget_type=\"heading.default\">\n\t\t\t\t\t<h2 class=\"elementor-heading-title elementor-size-default\">Alimentos y bebidas<\/h2>\t\t\t\t<\/div>\n\t\t\t\t<div class=\"elementor-element elementor-element-74a1f4c elementor-widget elementor-widget-text-editor\" data-id=\"74a1f4c\" data-element_type=\"widget\" data-e-type=\"widget\" data-widget_type=\"text-editor.default\">\n\t\t\t\t\t\t\t\t\t<ul><li data-start=\"427\" data-end=\"449\"><p data-start=\"429\" data-end=\"449\">Snacks y golosinas<\/p><\/li><li data-start=\"450\" data-end=\"476\"><p data-start=\"452\" data-end=\"476\">Bebidas no alcoh\u00f3licas<\/p><\/li><li data-start=\"477\" data-end=\"510\"><p data-start=\"479\" data-end=\"510\">Productos b\u00e1sicos de despensa<\/p><\/li><\/ul>\t\t\t\t\t\t\t\t<\/div>\n\t\t\t\t<\/div>\n\t\t<div class=\"elementor-element elementor-element-3141a9d e-con-full e-flex e-con e-child\" data-id=\"3141a9d\" data-element_type=\"container\" data-e-type=\"container\" data-settings=\"{&quot;background_background&quot;:&quot;classic&quot;}\">\n\t\t\t\t<div class=\"elementor-element elementor-element-e7d9c54 elementor-widget elementor-widget-heading\" data-id=\"e7d9c54\" data-element_type=\"widget\" data-e-type=\"widget\" data-widget_type=\"heading.default\">\n\t\t\t\t\t<h2 class=\"elementor-heading-title elementor-size-default\">Art\u00edculos de conveniencia<\/h2>\t\t\t\t<\/div>\n\t\t\t\t<div class=\"elementor-element elementor-element-bd637ad elementor-widget elementor-widget-text-editor\" data-id=\"bd637ad\" data-element_type=\"widget\" data-e-type=\"widget\" data-widget_type=\"text-editor.default\">\n\t\t\t\t\t\t\t\t\t<ul><li data-start=\"547\" data-end=\"575\"><p data-start=\"549\" data-end=\"575\">Accesorios para el hogar<\/p><\/li><li data-start=\"576\" data-end=\"614\"><p data-start=\"578\" data-end=\"614\">Productos para oficina y papeler\u00eda<\/p><\/li><li data-start=\"615\" data-end=\"648\"><p data-start=\"617\" data-end=\"648\">Art\u00edculos de cuidado personal<\/p><\/li><\/ul>\t\t\t\t\t\t\t\t<\/div>\n\t\t\t\t<\/div>\n\t\t\t\t\t<\/div>\n\t\t\t\t<\/div>\n\t\t<div class=\"elementor-element elementor-element-d86a004 e-con-full e-flex e-con e-parent\" data-id=\"d86a004\" data-element_type=\"container\" data-e-type=\"container\" data-settings=\"{&quot;background_background&quot;:&quot;classic&quot;}\">\n\t\t\t\t<div class=\"elementor-element elementor-element-87233ef elementor-cta--skin-cover elementor-animated-content elementor-bg-transform elementor-bg-transform-zoom-in elementor-widget elementor-widget-call-to-action\" data-id=\"87233ef\" data-element_type=\"widget\" data-e-type=\"widget\" data-widget_type=\"call-to-action.default\">\n\t\t\t\t\t\t\t<div class=\"elementor-cta\">\n\t\t\t\t\t<div class=\"elementor-cta__bg-wrapper\">\n\t\t\t\t<div class=\"elementor-cta__bg elementor-bg\" style=\"background-image: url(https:\/\/mercasantoangel.com\/wp-content\/uploads\/2025\/10\/128356-1024x683.jpg);\" role=\"img\" aria-label=\"128356\"><\/div>\n\t\t\t\t<div class=\"elementor-cta__bg-overlay\"><\/div>\n\t\t\t<\/div>\n\t\t\t\t\t\t\t<div class=\"elementor-cta__content\">\n\t\t\t\t\n\t\t\t\t\t\t\t\t\t<h2 class=\"elementor-cta__title elementor-cta__content-item elementor-content-item elementor-animated-item--grow\">\n\t\t\t\t\t\tCont\u00e1ctanos y te responderemos lo antes posible.\t\t\t\t\t<\/h2>\n\t\t\t\t\n\t\t\t\t\t\t\t\t\t<div class=\"elementor-cta__description elementor-cta__content-item elementor-content-item elementor-animated-item--grow\">\n\t\t\t\t\t\tSi necesitas informaci\u00f3n sobre nuestros productos o servicios, no dudes en llamarnos.\t\t\t\t\t<\/div>\n\t\t\t\t\n\t\t\t\t\t\t\t\t\t<div class=\"elementor-cta__button-wrapper elementor-cta__content-item elementor-content-item elementor-animated-item--grow\">\n\t\t\t\t\t<a class=\"elementor-cta__button elementor-button elementor-size-\" href=\"https:\/\/mercasantoangel.com\/en\/contacto\/\">\n\t\t\t\t\t\tCONTACTO\t\t\t\t\t<\/a>\n\t\t\t\t\t<\/div>\n\t\t\t\t\t\t\t<\/div>\n\t\t\t\t\t\t<\/div>\n\t\t\t\t\t\t<\/div>\n\t\t\t\t<\/div>\n\t\t\t\t<\/div>","protected":false},"excerpt":{"rendered":"<p>PRODUCTOS Productos que facilitan la vida cotidiana. Productos de uso diario Art\u00edculos de limpieza para el hogar Utensilios de cocina y menaje Productos de higiene personal Alimentos y bebidas Snacks y golosinas Bebidas no alcoh\u00f3licas Productos b\u00e1sicos de despensa Art\u00edculos de conveniencia Accesorios para el hogar Productos para oficina y papeler\u00eda Art\u00edculos de cuidado personal [&hellip;]<\/p>\n","protected":false},"author":1,"featured_media":0,"parent":0,"menu_order":0,"comment_status":"closed","ping_status":"closed","template":"elementor_canvas","meta":{"footnotes":""},"class_list":["post-15","page","type-page","status-publish","hentry"],"yoast_head":"<!-- This site is optimized with the Yoast SEO plugin v27.5 - https:\/\/yoast.com\/product\/yoast-seo-wordpress\/ -->\n<title>Productos - Merca Santoangel<\/title>\n<meta name=\"robots\" content=\"index, follow, max-snippet:-1, max-image-preview:large, max-video-preview:-1\" \/>\n<link rel=\"canonical\" href=\"https:\/\/mercasantoangel.com\/en\/productos\/\" \/>\n<meta property=\"og:locale\" content=\"en_GB\" \/>\n<meta property=\"og:type\" content=\"article\" \/>\n<meta property=\"og:title\" content=\"Productos - Merca Santoangel\" \/>\n<meta property=\"og:description\" content=\"PRODUCTOS Productos que facilitan la vida cotidiana. Productos de uso diario Art\u00edculos de limpieza para el hogar Utensilios de cocina y menaje Productos de higiene personal Alimentos y bebidas Snacks y golosinas Bebidas no alcoh\u00f3licas Productos b\u00e1sicos de despensa Art\u00edculos de conveniencia Accesorios para el hogar Productos para oficina y papeler\u00eda Art\u00edculos de cuidado personal [&hellip;]\" \/>\n<meta property=\"og:url\" content=\"https:\/\/mercasantoangel.com\/en\/productos\/\" \/>\n<meta property=\"og:site_name\" content=\"Merca Santoangel\" \/>\n<meta property=\"article:modified_time\" content=\"2025-10-09T12:55:18+00:00\" \/>\n<meta name=\"twitter:card\" content=\"summary_large_image\" \/>\n<meta name=\"twitter:label1\" content=\"Estimated reading time\" \/>\n\t<meta name=\"twitter:data1\" content=\"1 minute\" \/>\n<script type=\"application\/ld+json\" class=\"yoast-schema-graph\">{\"@context\":\"https:\\\/\\\/schema.org\",\"@graph\":[{\"@type\":\"WebPage\",\"@id\":\"https:\\\/\\\/mercasantoangel.com\\\/productos\\\/\",\"url\":\"https:\\\/\\\/mercasantoangel.com\\\/productos\\\/\",\"name\":\"Productos - Merca Santoangel\",\"isPartOf\":{\"@id\":\"https:\\\/\\\/mercasantoangel.com\\\/#website\"},\"datePublished\":\"2025-10-08T16:05:18+00:00\",\"dateModified\":\"2025-10-09T12:55:18+00:00\",\"breadcrumb\":{\"@id\":\"https:\\\/\\\/mercasantoangel.com\\\/productos\\\/#breadcrumb\"},\"inLanguage\":\"en-GB\",\"potentialAction\":[{\"@type\":\"ReadAction\",\"target\":[\"https:\\\/\\\/mercasantoangel.com\\\/productos\\\/\"]}]},{\"@type\":\"BreadcrumbList\",\"@id\":\"https:\\\/\\\/mercasantoangel.com\\\/productos\\\/#breadcrumb\",\"itemListElement\":[{\"@type\":\"ListItem\",\"position\":1,\"name\":\"Portada\",\"item\":\"https:\\\/\\\/mercasantoangel.com\\\/\"},{\"@type\":\"ListItem\",\"position\":2,\"name\":\"Productos\"}]},{\"@type\":\"WebSite\",\"@id\":\"https:\\\/\\\/mercasantoangel.com\\\/#website\",\"url\":\"https:\\\/\\\/mercasantoangel.com\\\/\",\"name\":\"Merca Santoangel\",\"description\":\"Mercado\",\"publisher\":{\"@id\":\"https:\\\/\\\/mercasantoangel.com\\\/#organization\"},\"potentialAction\":[{\"@type\":\"SearchAction\",\"target\":{\"@type\":\"EntryPoint\",\"urlTemplate\":\"https:\\\/\\\/mercasantoangel.com\\\/?s={search_term_string}\"},\"query-input\":{\"@type\":\"PropertyValueSpecification\",\"valueRequired\":true,\"valueName\":\"search_term_string\"}}],\"inLanguage\":\"en-GB\"},{\"@type\":\"Organization\",\"@id\":\"https:\\\/\\\/mercasantoangel.com\\\/#organization\",\"name\":\"Merca Santoangel\",\"url\":\"https:\\\/\\\/mercasantoangel.com\\\/\",\"logo\":{\"@type\":\"ImageObject\",\"inLanguage\":\"en-GB\",\"@id\":\"https:\\\/\\\/mercasantoangel.com\\\/#\\\/schema\\\/logo\\\/image\\\/\",\"url\":\"https:\\\/\\\/mercasantoangel.com\\\/wp-content\\\/uploads\\\/2025\\\/10\\\/cropped-mercasantoangel202509_logo_web.png\",\"contentUrl\":\"https:\\\/\\\/mercasantoangel.com\\\/wp-content\\\/uploads\\\/2025\\\/10\\\/cropped-mercasantoangel202509_logo_web.png\",\"width\":1080,\"height\":390,\"caption\":\"Merca Santoangel\"},\"image\":{\"@id\":\"https:\\\/\\\/mercasantoangel.com\\\/#\\\/schema\\\/logo\\\/image\\\/\"}}]}<\/script>\n<!-- \/ Yoast SEO plugin. -->","yoast_head_json":{"title":"Productos - Merca Santoangel","robots":{"index":"index","follow":"follow","max-snippet":"max-snippet:-1","max-image-preview":"max-image-preview:large","max-video-preview":"max-video-preview:-1"},"canonical":"https:\/\/mercasantoangel.com\/en\/productos\/","og_locale":"en_GB","og_type":"article","og_title":"Productos - Merca Santoangel","og_description":"PRODUCTOS Productos que facilitan la vida cotidiana. Productos de uso diario Art\u00edculos de limpieza para el hogar Utensilios de cocina y menaje Productos de higiene personal Alimentos y bebidas Snacks y golosinas Bebidas no alcoh\u00f3licas Productos b\u00e1sicos de despensa Art\u00edculos de conveniencia Accesorios para el hogar Productos para oficina y papeler\u00eda Art\u00edculos de cuidado personal [&hellip;]","og_url":"https:\/\/mercasantoangel.com\/en\/productos\/","og_site_name":"Merca Santoangel","article_modified_time":"2025-10-09T12:55:18+00:00","twitter_card":"summary_large_image","twitter_misc":{"Estimated reading time":"1 minute"},"schema":{"@context":"https:\/\/schema.org","@graph":[{"@type":"WebPage","@id":"https:\/\/mercasantoangel.com\/productos\/","url":"https:\/\/mercasantoangel.com\/productos\/","name":"Productos - Merca Santoangel","isPartOf":{"@id":"https:\/\/mercasantoangel.com\/#website"},"datePublished":"2025-10-08T16:05:18+00:00","dateModified":"2025-10-09T12:55:18+00:00","breadcrumb":{"@id":"https:\/\/mercasantoangel.com\/productos\/#breadcrumb"},"inLanguage":"en-GB","potentialAction":[{"@type":"ReadAction","target":["https:\/\/mercasantoangel.com\/productos\/"]}]},{"@type":"BreadcrumbList","@id":"https:\/\/mercasantoangel.com\/productos\/#breadcrumb","itemListElement":[{"@type":"ListItem","position":1,"name":"Portada","item":"https:\/\/mercasantoangel.com\/"},{"@type":"ListItem","position":2,"name":"Productos"}]},{"@type":"WebSite","@id":"https:\/\/mercasantoangel.com\/#website","url":"https:\/\/mercasantoangel.com\/","name":"Merca Santoangel","description":"Mercado","publisher":{"@id":"https:\/\/mercasantoangel.com\/#organization"},"potentialAction":[{"@type":"SearchAction","target":{"@type":"EntryPoint","urlTemplate":"https:\/\/mercasantoangel.com\/?s={search_term_string}"},"query-input":{"@type":"PropertyValueSpecification","valueRequired":true,"valueName":"search_term_string"}}],"inLanguage":"en-GB"},{"@type":"Organization","@id":"https:\/\/mercasantoangel.com\/#organization","name":"Merca Santoangel","url":"https:\/\/mercasantoangel.com\/","logo":{"@type":"ImageObject","inLanguage":"en-GB","@id":"https:\/\/mercasantoangel.com\/#\/schema\/logo\/image\/","url":"https:\/\/mercasantoangel.com\/wp-content\/uploads\/2025\/10\/cropped-mercasantoangel202509_logo_web.png","contentUrl":"https:\/\/mercasantoangel.com\/wp-content\/uploads\/2025\/10\/cropped-mercasantoangel202509_logo_web.png","width":1080,"height":390,"caption":"Merca Santoangel"},"image":{"@id":"https:\/\/mercasantoangel.com\/#\/schema\/logo\/image\/"}}]}},"_links":{"self":[{"href":"https:\/\/mercasantoangel.com\/en\/wp-json\/wp\/v2\/pages\/15","targetHints":{"allow":["GET"]}}],"collection":[{"href":"https:\/\/mercasantoangel.com\/en\/wp-json\/wp\/v2\/pages"}],"about":[{"href":"https:\/\/mercasantoangel.com\/en\/wp-json\/wp\/v2\/types\/page"}],"author":[{"embeddable":true,"href":"https:\/\/mercasantoangel.com\/en\/wp-json\/wp\/v2\/users\/1"}],"replies":[{"embeddable":true,"href":"https:\/\/mercasantoangel.com\/en\/wp-json\/wp\/v2\/comments?post=15"}],"version-history":[{"count":28,"href":"https:\/\/mercasantoangel.com\/en\/wp-json\/wp\/v2\/pages\/15\/revisions"}],"predecessor-version":[{"id":195,"href":"https:\/\/mercasantoangel.com\/en\/wp-json\/wp\/v2\/pages\/15\/revisions\/195"}],"wp:attachment":[{"href":"https:\/\/mercasantoangel.com\/en\/wp-json\/wp\/v2\/media?parent=15"}],"curies":[{"name":"wp","href":"https:\/\/api.w.org\/{rel}","templated":true}]}}